{"id":12211,"date":"2024-09-14T20:44:03","date_gmt":"2024-09-14T20:44:03","guid":{"rendered":"https:\/\/webhostinggenie.rs\/?page_id=12211"},"modified":"2025-11-05T19:00:33","modified_gmt":"2025-11-05T18:00:33","slug":"dedicated-servers","status":"publish","type":"page","link":"https:\/\/truefalsehosting.rs\/en\/namenski-serveri","title":{"rendered":"Dedicated servers"},"content":{"rendered":"<section class=\"wp-block-group is-hero has-tfh-main-horizontal-gradient-background has-background is-layout-flow wp-block-group-is-layout-flow\">\n<div class=\"wp-block-columns container is-layout-flex wp-container-core-columns-is-layout-ec2e7a44 wp-block-columns-is-layout-flex\" style=\"padding-top:0;padding-bottom:0\">\n<div class=\"wp-block-column is-layout-flow wp-block-column-is-layout-flow\" style=\"padding-top:0px;padding-right:0px;padding-bottom:0px;padding-left:0px\">\n<div class=\"wp-block-group has-white-color has-text-color has-link-color wp-elements-ce107ed3cc8fcdb8f2de48a050cb5f8a is-content-justification-space-between is-nowrap is-layout-flex wp-container-core-group-is-layout-8a949898 wp-block-group-is-layout-flex\" style=\"padding-top:0px;padding-right:0px;padding-bottom:0px;padding-left:0px;font-style:normal;font-weight:900\"><div style=\"--bb--crumb-gap:.4em; padding-top:0;padding-bottom:0;\" class=\"wp-block-boldblocks-breadcrumb-block\"><nav role=\"navigation\" aria-label=\"Breadcrumbs\" class=\"breadcrumb\"><ol class=\"breadcrumb-items\"><li class=\"breadcrumb-item breadcrumb-item--current breadcrumb-item--home\"><span class=\"breadcrumb-item-name\">Homepage<\/span><\/li><\/ol><\/nav><\/div><\/div>\n\n\n\n<div class=\"wp-block-columns is-layout-flex wp-container-core-columns-is-layout-ec2e7a44 wp-block-columns-is-layout-flex\" style=\"padding-top:0;padding-bottom:0\">\n<div class=\"wp-block-column is-vertically-aligned-center has-white-color has-text-color has-link-color wp-elements-f0f1e590dc5d259caa20e0fa9272aed4 is-layout-flow wp-block-column-is-layout-flow\" style=\"padding-top:0;padding-right:0;padding-bottom:0;padding-left:0;flex-basis:60%\">\n<h1 class=\"wp-block-heading content-container has-white-color has-text-color has-link-color wp-elements-d1b66df4b068e18f7033f6292ea0c769\">Dedicated servers<br>(Dedicated Servers) for flawless performance and security<\/h1>\n\n\n\n<p class=\"content-container\">With a Dedicated Server, you get unmatched power and flexibility.<\/p>\n<\/div>\n\n\n\n<div class=\"wp-block-column is-layout-flow wp-block-column-is-layout-flow\" style=\"padding-top:0;padding-right:0;padding-bottom:0;padding-left:20px;flex-basis:40%\"><figure class=\"wp-block-post-featured-image\"><img loading=\"lazy\" decoding=\"async\" width=\"538\" height=\"400\" src=\"https:\/\/truefalsehosting.rs\/wp-content\/uploads\/2023\/02\/hostikoservices3.png\" class=\"attachment-post-thumbnail size-post-thumbnail wp-post-image\" alt=\"hostikoservices3\" style=\"object-fit:cover;\" srcset=\"https:\/\/truefalsehosting.rs\/wp-content\/uploads\/2023\/02\/hostikoservices3.png 538w, https:\/\/truefalsehosting.rs\/wp-content\/uploads\/2023\/02\/hostikoservices3-300x223.png 300w\" sizes=\"auto, (max-width: 538px) 100vw, 538px\" \/><\/figure><\/div>\n<\/div>\n<\/div>\n<\/div>\n<\/section>\n\n\n\n<section class=\"wp-block-group is-layout-flow wp-block-group-is-layout-flow\">\n<div class=\"wp-block-group container has-tfh-primary-lighter-4-background-color has-background is-content-justification-space-between is-layout-flex wp-container-core-group-is-layout-5099747c wp-block-group-is-layout-flex\" style=\"margin-top:var(--wp--preset--spacing--30);margin-bottom:var(--wp--preset--spacing--30);padding-top:var(--wp--preset--spacing--20);padding-right:var(--wp--preset--spacing--30);padding-bottom:var(--wp--preset--spacing--20);padding-left:var(--wp--preset--spacing--30)\">\n<figure class=\"wp-block-image alignleft size-large is-resized is-style-default\"><img loading=\"lazy\" decoding=\"async\" width=\"1024\" height=\"907\" src=\"https:\/\/truefalsehosting.rs\/wp-content\/uploads\/2025\/11\/ryzen7_badge-1024x907.jpg\" alt=\"ryzen 7\" class=\"wp-image-17597\" style=\"object-fit:cover;width:200px;height:200px\" title=\"intel core i9 13th gen edited\" srcset=\"https:\/\/truefalsehosting.rs\/wp-content\/uploads\/2025\/11\/ryzen7_badge-1024x907.jpg 1024w, https:\/\/truefalsehosting.rs\/wp-content\/uploads\/2025\/11\/ryzen7_badge-300x266.jpg 300w, https:\/\/truefalsehosting.rs\/wp-content\/uploads\/2025\/11\/ryzen7_badge-768x680.jpg 768w, https:\/\/truefalsehosting.rs\/wp-content\/uploads\/2025\/11\/ryzen7_badge-86x76.jpg 86w, https:\/\/truefalsehosting.rs\/wp-content\/uploads\/2025\/11\/ryzen7_badge.jpg 1506w\" sizes=\"auto, (max-width: 1024px) 100vw, 1024px\" \/><\/figure>\n\n\n\n<div class=\"wp-block-group wp-container-content-9cfa9a5a is-vertical is-content-justification-stretch is-layout-flex wp-container-core-group-is-layout-2492ce0f wp-block-group-is-layout-flex\" style=\"padding-top:0;padding-right:0;padding-bottom:0;padding-left:0\"><h2><div  >AMD Ryzen 7 7700 Octa-Core \"Raphael\"<\/div><\/h2>\n\n\n<div class='whmpress whmpress_description' ><ul>\n<li>CPU: AMD Ryzen 7 7700 octa-core \u201cRaphael\u201d (Zen 4)\r<\/li><li>RAM: 64 GB DDR5 RAM\r<\/li><li>SSD: 2 x 1 TB NVMe SSD (Gen 4, Software RAID 1)\r<\/li><li>Flow: 1 Gbit\/s - Unlimited\r<\/li><li>Location: Germany\r<\/li>\n<\/ul><\/div>\n<\/div>\n\n\n\n<div class=\"wp-block-group has-tfh-large-font-size is-vertical is-content-justification-center is-layout-flex wp-container-core-group-is-layout-d5572c4a wp-block-group-is-layout-flex\" style=\"padding-top:0;padding-right:0;padding-bottom:0;padding-left:0\"><p><b><span class='whmpress whmpress_price' id=''>11000.00<yes> RSD<\/yes> <yes>\/Mo<\/yes><\/span><\/b><\/p>\n\n\n<button type='button' id='' class=\"whmpress whmpress_order_button\" onclick=\"javascript:window.open('https:\/\/cp.truefalsehosting.rs\/cart.php?extra=0&pid=69&a=add&currency=1&billingcycle=annually','_self')\">Order<\/button>\n<\/div>\n<\/div>\n\n\n\n<div class=\"wp-block-group container has-tfh-primary-lighter-3-background-color has-background is-content-justification-space-between is-layout-flex wp-container-core-group-is-layout-5099747c wp-block-group-is-layout-flex\" style=\"margin-top:var(--wp--preset--spacing--30);margin-bottom:var(--wp--preset--spacing--30);padding-top:var(--wp--preset--spacing--20);padding-right:var(--wp--preset--spacing--30);padding-bottom:var(--wp--preset--spacing--20);padding-left:var(--wp--preset--spacing--30)\">\n<figure class=\"wp-block-image alignleft size-large is-resized is-style-default\"><img loading=\"lazy\" decoding=\"async\" width=\"1024\" height=\"908\" src=\"https:\/\/truefalsehosting.rs\/wp-content\/uploads\/2025\/11\/ryzen-9-1024x908.png\" alt=\"ryzen 9\" class=\"wp-image-17598\" style=\"object-fit:cover;width:200px;height:200px\" title=\"Ryzen 5\" srcset=\"https:\/\/truefalsehosting.rs\/wp-content\/uploads\/2025\/11\/ryzen-9-1024x908.png 1024w, https:\/\/truefalsehosting.rs\/wp-content\/uploads\/2025\/11\/ryzen-9-300x266.png 300w, https:\/\/truefalsehosting.rs\/wp-content\/uploads\/2025\/11\/ryzen-9-768x681.png 768w, https:\/\/truefalsehosting.rs\/wp-content\/uploads\/2025\/11\/ryzen-9-86x76.png 86w, https:\/\/truefalsehosting.rs\/wp-content\/uploads\/2025\/11\/ryzen-9.png 1200w\" sizes=\"auto, (max-width: 1024px) 100vw, 1024px\" \/><\/figure>\n\n\n\n<div class=\"wp-block-group wp-container-content-9cfa9a5a is-vertical is-content-justification-stretch is-layout-flex wp-container-core-group-is-layout-2492ce0f wp-block-group-is-layout-flex\" style=\"padding-top:0;padding-right:0;padding-bottom:0;padding-left:0\"><h2><div  >AMD Ryzen 9 7950X3D (Zen4)<\/div><\/h2>\n\n\n<div class='whmpress whmpress_description' ><ul>\n<li>CPU: AMD Ryzen\u2122 9 7950X3D 16-core \u201cRaphael\u201d (Zen 4)\r<\/li><li>RAM: 128 GB DDR5 ECC RAM\r<\/li><li>SSD: 2 x 1.92 TB NVMe SSD Datacenter Edition (Gen 4, Software RAID 1)\r<\/li><li>Flow: 1 Gbit\/s - Unlimited\r<\/li><li>Location: Germany\r<\/li>\n<\/ul><\/div>\n<\/div>\n\n\n\n<div class=\"wp-block-group has-tfh-large-font-size is-vertical is-content-justification-center is-layout-flex wp-container-core-group-is-layout-d5572c4a wp-block-group-is-layout-flex\" style=\"padding-top:0;padding-right:0;padding-bottom:0;padding-left:0\"><p><b><span class='whmpress whmpress_price' id=''>15000.00<yes> RSD<\/yes> <yes>\/Mo<\/yes><\/span><\/b><\/p>\n\n\n<button type='button' id='' class=\"whmpress whmpress_order_button\" onclick=\"javascript:window.open('https:\/\/cp.truefalsehosting.rs\/cart.php?extra=0&pid=70&a=add&currency=1&billingcycle=annually','_self')\">Order<\/button>\n<\/div>\n<\/div>\n\n\n\n<div class=\"wp-block-group container has-tfh-zircon-background-color has-background is-content-justification-space-between is-layout-flex wp-container-core-group-is-layout-5099747c wp-block-group-is-layout-flex\" style=\"margin-top:var(--wp--preset--spacing--30);margin-bottom:var(--wp--preset--spacing--30);padding-top:var(--wp--preset--spacing--20);padding-right:var(--wp--preset--spacing--30);padding-bottom:var(--wp--preset--spacing--20);padding-left:var(--wp--preset--spacing--30)\">\n<figure class=\"wp-block-image alignleft size-full is-resized is-style-default\"><img loading=\"lazy\" decoding=\"async\" width=\"200\" height=\"200\" src=\"https:\/\/truefalsehosting.rs\/wp-content\/uploads\/2025\/11\/xeon-gold.webp\" alt=\"xeon gold\" class=\"wp-image-17600\" style=\"object-fit:cover;width:200px;height:200px\" title=\"graphic server\" srcset=\"https:\/\/truefalsehosting.rs\/wp-content\/uploads\/2025\/11\/xeon-gold.webp 200w, https:\/\/truefalsehosting.rs\/wp-content\/uploads\/2025\/11\/xeon-gold-150x150.webp 150w, https:\/\/truefalsehosting.rs\/wp-content\/uploads\/2025\/11\/xeon-gold-76x76.webp 76w\" sizes=\"auto, (max-width: 200px) 100vw, 200px\" \/><\/figure>\n\n\n\n<div class=\"wp-block-group wp-container-content-9cfa9a5a is-vertical is-content-justification-stretch is-layout-flex wp-container-core-group-is-layout-2492ce0f wp-block-group-is-layout-flex\" style=\"padding-top:0;padding-right:0;padding-bottom:0;padding-left:0\"><h2><div  >Intel\u00ae Xeon\u00ae Gold 5412U 24-Core <\/div><\/h2>\n\n\n<div class='whmpress whmpress_description' ><ul>\n<li>CPU: Intel\u00ae Xeon\u00ae Gold 5412U 24-Core \"Sapphire Rapids SP\"\r<\/li><li>RAM: 128 GB DDR5 ECC RAM\r<\/li><li>HDD: 2 x 3.84 TB NVMe SSD Datacenter Edition (Gen 4, Software RAID 1)\r<\/li><li>Traffic: 1 Gbit\/s protok - Neograni\u010den\r<\/li><li>Location: Germany\r<\/li>\n<\/ul><\/div>\n<\/div>\n\n\n\n<div class=\"wp-block-group has-tfh-large-font-size is-vertical is-content-justification-center is-layout-flex wp-container-core-group-is-layout-d5572c4a wp-block-group-is-layout-flex\" style=\"padding-top:0;padding-right:0;padding-bottom:0;padding-left:0\"><p><b><span class='whmpress whmpress_price' id=''>22500.00<yes> RSD<\/yes> <yes>\/Mo<\/yes><\/span><\/b><\/p>\n\n\n<button type='button' id='' class=\"whmpress whmpress_order_button\" onclick=\"javascript:window.open('https:\/\/cp.truefalsehosting.rs\/cart.php?extra=0&pid=51&a=add&currency=1&billingcycle=annually','_self')\">Order<\/button>\n<\/div>\n<\/div>\n<\/section>\n\n\n\n<div class=\"wp-block-group has-white-color has-tfh-secondary-horizontal-gradient-background has-text-color has-background has-link-color wp-elements-4f97e1a0e3ef4d4400d2f1100c2f0834 is-layout-flow wp-block-group-is-layout-flow\">\n<div class=\"wp-block-columns container is-layout-flex wp-container-core-columns-is-layout-28f84493 wp-block-columns-is-layout-flex\">\n<div class=\"wp-block-column is-layout-flow wp-block-column-is-layout-flow\">\n<h2 class=\"wp-block-heading has-text-align-center\">Why a dedicated server?<\/h2>\n<\/div>\n<\/div>\n\n\n\n<div class=\"wp-block-columns container is-layout-flex wp-container-core-columns-is-layout-28f84493 wp-block-columns-is-layout-flex\">\n<div class=\"wp-block-column is-layout-flow wp-block-column-is-layout-flow\">\n<i class=\"fas fa-shield-alt tfh-icon-section tfh-icon-section--white\"><\/i>\n\n\n\n<h3 class=\"wp-block-heading has-text-align-center\">Mitigation of DDoS attacks<\/h3>\n\n\n\n<p class=\"has-text-align-center\">Feel safe with our protection against DDoS attacks.<\/p>\n<\/div>\n\n\n\n<div class=\"wp-block-column is-layout-flow wp-block-column-is-layout-flow\">\n<i class=\"fas fa-server tfh-icon-section tfh-icon-section--white\"><\/i>\n\n\n\n<h3 class=\"wp-block-heading has-text-align-center\">Software raid<\/h3>\n\n\n\n<p class=\"has-text-align-center\">Our servers use software RAID configurations, ensuring high reliability and data protection, so your data remains safe and available at all times.<\/p>\n<\/div>\n\n\n\n<div class=\"wp-block-column is-layout-flow wp-block-column-is-layout-flow\">\n<i class=\"fas fa-th tfh-icon-section tfh-icon-section--white\"><\/i>\n\n\n\n<h3 class=\"wp-block-heading has-text-align-center\">Firewall settings<\/h3>\n\n\n\n<p class=\"has-text-align-center\">Adjust the firewall according to your needs and raise the security level of your server.<\/p>\n<\/div>\n\n\n\n<div class=\"wp-block-column is-layout-flow wp-block-column-is-layout-flow\">\n<i class=\"fas fa-network-wired tfh-icon-section tfh-icon-section--white\"><\/i>\n\n\n\n<h3 class=\"wp-block-heading has-text-align-center\">DNS<\/h3>\n\n\n\n<p class=\"has-text-align-center\">Easily manage DNS settings, including rDNS and PTR records, through our intuitive control panel and ensure a flawless Internet connection.<\/p>\n<\/div>\n<\/div>\n<\/div>\n\n\n\n<div class=\"wp-block-group has-global-padding is-layout-constrained wp-block-group-is-layout-constrained\">\n<div class=\"wp-block-columns container is-layout-flex wp-container-core-columns-is-layout-28f84493 wp-block-columns-is-layout-flex\">\n<div class=\"wp-block-column is-layout-flow wp-block-column-is-layout-flow\">\n<p>No shared resources<\/p>\n\n\n\n<h2 class=\"wp-block-heading\">The power of dedicated hardware on a user-friendly hosting platform<\/h2>\n\n\n\n<p>Dedicated hosting gives you an entire server to yourself.<\/p>\n<\/div>\n\n\n\n<div class=\"wp-block-column is-layout-flow wp-block-column-is-layout-flow\">\n<figure class=\"wp-block-image size-large\"><img decoding=\"async\" src=\"https:\/\/truefalsehosting.rs\/wp-content\/uploads\/2024\/09\/home-control_panel-1024x777.png\" alt=\"home control panel\" title=\"home control panel\"\/><\/figure>\n<\/div>\n<\/div>\n<\/div>","protected":false},"excerpt":{"rendered":"<p>Namenski serveri(Dedicated Servers) za besprekorne performanse i sigurnost Uz namenski server (Dedicated Server), dobijate neuporedivu snagu i prilagodljivost. Iskoristite na\u0161u uslugu upravljanja serverima (Managed Dedicated Server) za besprekorno vo\u0111enje i maksimalne performanse va\u0161eg servera. Za\u0161to namenski server? Ubla\u017eavanje DDoS napada Ose\u0107aj se sigurno uz na\u0161u za\u0161titu od DDoS napada. Na\u0161a mre\u017ena infrastruktura koristi 10G opti\u010dke [&hellip;]<\/p>\n","protected":false},"author":1,"featured_media":692,"parent":0,"menu_order":0,"comment_status":"closed","ping_status":"closed","template":"","meta":{"_eb_attr":"","footnotes":""},"class_list":["post-12211","page","type-page","status-publish","has-post-thumbnail","hentry"],"jetpack_sharing_enabled":true,"_links":{"self":[{"href":"https:\/\/truefalsehosting.rs\/en\/wp-json\/wp\/v2\/pages\/12211","targetHints":{"allow":["GET"]}}],"collection":[{"href":"https:\/\/truefalsehosting.rs\/en\/wp-json\/wp\/v2\/pages"}],"about":[{"href":"https:\/\/truefalsehosting.rs\/en\/wp-json\/wp\/v2\/types\/page"}],"author":[{"embeddable":true,"href":"https:\/\/truefalsehosting.rs\/en\/wp-json\/wp\/v2\/users\/1"}],"replies":[{"embeddable":true,"href":"https:\/\/truefalsehosting.rs\/en\/wp-json\/wp\/v2\/comments?post=12211"}],"version-history":[{"count":93,"href":"https:\/\/truefalsehosting.rs\/en\/wp-json\/wp\/v2\/pages\/12211\/revisions"}],"predecessor-version":[{"id":17603,"href":"https:\/\/truefalsehosting.rs\/en\/wp-json\/wp\/v2\/pages\/12211\/revisions\/17603"}],"wp:featuredmedia":[{"embeddable":true,"href":"https:\/\/truefalsehosting.rs\/en\/wp-json\/wp\/v2\/media\/692"}],"wp:attachment":[{"href":"https:\/\/truefalsehosting.rs\/en\/wp-json\/wp\/v2\/media?parent=12211"}],"curies":[{"name":"wp","href":"https:\/\/api.w.org\/{rel}","templated":true}]}}