{"id":12498,"date":"2024-09-16T08:37:33","date_gmt":"2024-09-16T08:37:33","guid":{"rendered":"https:\/\/webhostinggenie.rs\/?page_id=12498"},"modified":"2024-10-29T09:24:22","modified_gmt":"2024-10-29T08:24:22","slug":"become-a-partner","status":"publish","type":"page","link":"https:\/\/truefalsehosting.rs\/en\/kontakt\/partnerstvo","title":{"rendered":"Become a partner"},"content":{"rendered":"<section class=\"wp-block-group is-hero has-tfh-main-horizontal-gradient-background has-background is-layout-flow wp-block-group-is-layout-flow\">\n<div class=\"wp-block-columns container is-layout-flex wp-container-core-columns-is-layout-ec2e7a44 wp-block-columns-is-layout-flex\" style=\"padding-top:0;padding-bottom:0\">\n<div class=\"wp-block-column is-layout-flow wp-block-column-is-layout-flow\" style=\"padding-top:0;padding-right:0;padding-bottom:0;padding-left:0\">\n<div class=\"wp-block-group has-white-color has-text-color has-link-color wp-elements-2f8d80b8938e98176fee56a7f9c7f12d is-content-justification-space-between is-nowrap is-layout-flex wp-container-core-group-is-layout-5065c635 wp-block-group-is-layout-flex\" style=\"padding-top:0;padding-right:0;padding-bottom:0;padding-left:0;font-style:normal;font-weight:900\"><div style=\"--bb--crumb-gap:.4em; padding-top:0;padding-bottom:0;\" class=\"wp-block-boldblocks-breadcrumb-block\"><nav role=\"navigation\" aria-label=\"Breadcrumbs\" class=\"breadcrumb\"><ol class=\"breadcrumb-items\"><li class=\"breadcrumb-item breadcrumb-item--current breadcrumb-item--home\"><span class=\"breadcrumb-item-name\">Homepage<\/span><\/li><\/ol><\/nav><\/div><\/div>\n\n\n\n<div class=\"wp-block-columns is-layout-flex wp-container-core-columns-is-layout-a5331a9e wp-block-columns-is-layout-flex\" style=\"padding-top:0;padding-right:0;padding-bottom:0;padding-left:0\">\n<div class=\"wp-block-column is-vertically-aligned-center has-white-color has-text-color has-link-color wp-elements-9ae955ab31886f950fa6a951d49143db is-layout-flow wp-block-column-is-layout-flow\" style=\"padding-top:0;padding-right:0;padding-bottom:0;padding-left:0;flex-basis:60%\">\n<h1 class=\"wp-block-heading content-container has-white-color has-text-color has-link-color wp-elements-dd19096e03ee45924d3ce57ea2474130\">Refer us and earn commission<\/h1>\n\n\n\n<p class=\"content-container\">Sign up for the affiliate program and start earning today by bringing us new users, and we'll pay you a commission in return.<\/p>\n\n\n\n<div class=\"wp-block-buttons is-layout-flex wp-block-buttons-is-layout-flex\">\n<div class=\"wp-block-button is-style-primary-button\"><a class=\"wp-block-button__link wp-element-button\" href=\"https:\/\/cp.truefalsehosting.rs\/affiliates.php\">Become a partner<\/a><\/div>\n<\/div>\n<\/div>\n\n\n\n<div class=\"wp-block-column is-layout-flow wp-block-column-is-layout-flow\" style=\"padding-top:0;padding-right:0;padding-bottom:0;padding-left:0;flex-basis:40%\"><figure class=\"wp-block-post-featured-image\"><img loading=\"lazy\" decoding=\"async\" width=\"196\" height=\"110\" src=\"https:\/\/truefalsehosting.rs\/wp-content\/uploads\/revslider\/slaido_441\/hostiko-slider1-img2-196x110.jpg\" class=\"attachment-post-thumbnail size-post-thumbnail wp-post-image\" alt=\"hostiko slider1 img2\" style=\"object-fit:cover;\" \/><\/figure><\/div>\n<\/div>\n<\/div>\n<\/div>\n<\/section>\n\n\n\n<section class=\"wp-block-group has-global-padding is-layout-constrained wp-block-group-is-layout-constrained\">\n<div class=\"wp-block-columns container is-layout-flex wp-container-core-columns-is-layout-28f84493 wp-block-columns-is-layout-flex\">\n<div class=\"wp-block-column has-tfh-primary-lighter-4-background-color has-background is-layout-flow wp-block-column-is-layout-flow\">\n<div class=\"wp-block-boldblocks-svg-block svg-b-1 sm-svg-justify-alignment\" style=\"--bb--justify-alignment--sm:var(--bb--justify-alignment--lg);--bb--justify-alignment--md:var(--bb--justify-alignment--lg);--bb--justify-alignment--lg:center\"><div class=\"wp-block-boldblocks-svg-block__inner sm-svg-width sm-svg-height svg-fill-color svg-stroke-color\" style=\"--bb--width--sm:var(--bb--width--lg);--bb--width--md:var(--bb--width--lg);--bb--width--lg:auto;--bb--height--sm:var(--bb--height--lg);--bb--height--md:var(--bb--height--lg);--bb--height--lg:70px;--bb--fill--color:var(--wp--preset--color--tfh-blue, #009aff);--bb--stroke--color:var(--wp--preset--color--tfh-dark-gray, #3f4756)\"><svg class=\"svg-icon\" xmlns=\"http:\/\/www.w3.org\/2000\/svg\" width=\"64\" height=\"64\" fill=\"none\" viewbox=\"0 0 64 64\">\n    <path stroke=\"var(--svg-icon-color-3)\" stroke-linecap=\"round\" stroke-linejoin=\"round\" stroke-width=\"2\" d=\"M32 11.9v4M28.5 3 32 1v4m-16.4 5.5 5.8-3.4M5 20.6v-4l3.5-2M5 35.3v-6.6m3.5 16.7-3.5 2v-4M17.8 40l-3.4 2m17.5 4.9-13.9 8V24.1L45 8.5v16m14 22.9L32 63V32.2l27-15.6v30.8Z\"><\/path>\n    <path stroke=\"var(--svg-icon-color-2)\" stroke-linecap=\"round\" stroke-linejoin=\"round\" stroke-width=\"2\" d=\"M42.7 41.4 38 44.1v-6l5-2.9v12l-4 2.3m9-17.1v12l5-2.9v-12l-5 2.9Z\"><\/path>\n<\/svg><\/div><\/div>\n\n\n\n<h2 class=\"wp-block-heading has-text-align-center\">We track visitors<\/h2>\n\n\n\n<p class=\"has-text-align-center\">We track visitors through cookies, so that users who came through your link do not have to make a purchase immediately in order for you to receive your commission.<\/p>\n\n\n\n<p class=\"has-text-align-center has-tfh-small-font-size\">Cookies are valid for 90 days from the first visit to the site.<\/p>\n<\/div>\n\n\n\n<div class=\"wp-block-column has-tfh-primary-lighter-4-background-color has-background is-layout-flow wp-block-column-is-layout-flow\">\n<div class=\"wp-block-boldblocks-svg-block svg-b-2 sm-svg-justify-alignment\" style=\"--bb--justify-alignment--sm:var(--bb--justify-alignment--lg);--bb--justify-alignment--md:var(--bb--justify-alignment--lg);--bb--justify-alignment--lg:center\"><div class=\"wp-block-boldblocks-svg-block__inner sm-svg-width sm-svg-height svg-stroke-color\" style=\"--bb--width--sm:var(--bb--width--lg);--bb--width--md:var(--bb--width--lg);--bb--width--lg:auto;--bb--height--sm:var(--bb--height--lg);--bb--height--md:var(--bb--height--lg);--bb--height--lg:70px;--bb--stroke--color:var(--wp--preset--color--tfh-blue, #009aff)\"><svg class=\"svg-icon\" xmlns=\"http:\/\/www.w3.org\/2000\/svg\" width=\"64\" height=\"64\" fill=\"none\" viewbox=\"0 0 64 64\">\n    <path stroke=\"var(--svg-icon-color-2)\" stroke-linecap=\"round\" stroke-linejoin=\"round\" stroke-width=\"2\" d=\"m30.6 12.6-5.5 3.1 4.2 2.4 5.4-3.2 4.2 2.4-5.5 3.1M25.8 13l1.9 1m8.6 5 1.9 1\"><\/path>\n    <path stroke=\"var(--svg-icon-color-3)\" stroke-linecap=\"round\" stroke-linejoin=\"round\" stroke-width=\"2\" d=\"m14 45.8 6 3.4m-6.7-33.7L34 27.4V58M30.2 5.7 51 17.6V48M5.2 30.4l5.8 3.4M5.3 20.2 26 32l32.8-18.9M26 32.3V62M5 20v31l21 12 33-19V13L38 1 5 20Z\"><\/path>\n<\/svg><\/div><\/div>\n\n\n\n<h2 class=\"wp-block-heading has-text-align-center\">Commission<\/h2>\n\n\n\n<p class=\"has-text-align-center\">We pay a commission for each new user you bring to us.<\/p>\n\n\n\n<p class=\"has-text-align-center has-tfh-small-font-size\"><a href=\"\/en\/contact\">Contact us<\/a> for more information.<\/p>\n<\/div>\n<\/div>\n<\/section>\n\n\n\n<div class=\"wp-block-group has-tfh-primary-lighter-4-background-color has-background has-global-padding is-layout-constrained wp-block-group-is-layout-constrained\">\n<div class=\"wp-block-columns container is-layout-flex wp-container-core-columns-is-layout-28f84493 wp-block-columns-is-layout-flex\">\n<div class=\"wp-block-column is-layout-flow wp-block-column-is-layout-flow\">\n<p class=\"has-text-align-center content-container\">Commission<\/p>\n\n\n\n<h2 class=\"wp-block-heading has-text-align-center content-container\">How does the partnership work?<\/h2>\n\n\n\n<p class=\"has-text-align-center content-container\">In order to be eligible for partnership, you must become our user, i.e.<\/p>\n<\/div>\n<\/div>\n\n\n\n<div class=\"wp-block-columns container is-layout-flex wp-container-core-columns-is-layout-28f84493 wp-block-columns-is-layout-flex\">\n<div class=\"wp-block-column is-layout-flow wp-block-column-is-layout-flow\">\n<div class=\"wp-block-boldblocks-counting-number has-text-align-center has-tfh-blue-color has-text-color has-link-color has-tfh-x-large-font-size wp-elements-c4b20e66f0688ded553505e918d080fe\" style=\"font-style:normal;font-weight:700\"><span class=\"value\" data-value=\"10\" data-start-val=\"0\" data-duration=\"3\" data-separator=\",\" data-decimal=\".\" data-enable-scroll-spy=\"true\" data-scroll-spy-once=\"true\" data-scroll-spy-delay=\"0\" data-prefix=\"\" data-suffix=\"%\" aria-hidden=\"true\">0<\/span><span class=\"sr-value\">10<\/span><span class=\"suffix\">%<\/span><\/div>\n\n\n\n<h3 class=\"wp-block-heading has-text-align-center\">for web hosting packages<\/h3>\n\n\n\n<p class=\"has-text-align-center\">For any of the web hosting packages offered, you get 10% commission.<\/p>\n\n\n\n<p class=\"has-text-align-center has-tfh-small-font-size\">Cookies are valid for 90 days from the first visit to the site.<\/p>\n<\/div>\n\n\n\n<div class=\"wp-block-column is-layout-flow wp-block-column-is-layout-flow\">\n<div class=\"wp-block-boldblocks-counting-number has-text-align-center has-tfh-blue-color has-text-color has-link-color has-tfh-x-large-font-size wp-elements-adb2f903cabaeaa5f6ab70e4a7b9adff\" style=\"font-style:normal;font-weight:700\"><span class=\"value\" data-value=\"15\" data-start-val=\"0\" data-duration=\"3\" data-separator=\",\" data-decimal=\".\" data-enable-scroll-spy=\"true\" data-scroll-spy-once=\"true\" data-scroll-spy-delay=\"0\" data-prefix=\"\" data-suffix=\"%\" aria-hidden=\"true\">0<\/span><span class=\"sr-value\">15<\/span><span class=\"suffix\">%<\/span><\/div>\n\n\n\n<h3 class=\"wp-block-heading has-text-align-center\">for business packages<\/h3>\n\n\n\n<p class=\"has-text-align-center\">For any of the business packages in the offer, you get 15% commission.<\/p>\n\n\n\n<p class=\"has-text-align-center has-tfh-small-font-size\"><a href=\"\/en\/contact\">Contact us<\/a> for more information.<\/p>\n<\/div>\n\n\n\n<div class=\"wp-block-column is-layout-flow wp-block-column-is-layout-flow\">\n<div class=\"wp-block-boldblocks-counting-number has-text-align-center has-tfh-blue-color has-text-color has-link-color has-tfh-x-large-font-size wp-elements-cc7e78c316f8203ce45150664fa4197b\" style=\"font-style:normal;font-weight:700\"><span class=\"value\" data-value=\"20\" data-start-val=\"0\" data-duration=\"3\" data-separator=\",\" data-decimal=\".\" data-enable-scroll-spy=\"true\" data-scroll-spy-once=\"true\" data-scroll-spy-delay=\"0\" data-prefix=\"\" data-suffix=\"%\" aria-hidden=\"true\">0<\/span><span class=\"sr-value\">20<\/span><span class=\"suffix\">%<\/span><\/div>\n\n\n\n<h3 class=\"wp-block-heading has-text-align-center\">for dedicated servers<\/h3>\n\n\n\n<p class=\"has-text-align-center\">If you bring a client who rents a dedicated server, you get as much as 20% commission.<\/p>\n\n\n\n<p class=\"has-text-align-center has-tfh-small-font-size\"><a href=\"\/en\/contact\">Contact us<\/a> for more information.<\/p>\n<\/div>\n<\/div>\n\n\n\n<div class=\"wp-block-columns container is-layout-flex wp-container-core-columns-is-layout-28f84493 wp-block-columns-is-layout-flex\">\n<div class=\"wp-block-column is-layout-flow wp-block-column-is-layout-flow\">\n<p class=\"has-text-align-center content-container\">* All commissions refer to hosting packages only, not domain rental, ssl certificate and other related services.<\/p>\n<\/div>\n<\/div>\n<\/div>","protected":false},"excerpt":{"rendered":"<p>Preporu\u010di nas i zaradi proviziju Prijavi se za partnerski program i po\u010dni da zara\u0111uje\u0161 ve\u0107 danas tako \u0161to \u0107e\u0161 nam dovesti nove korisnike, a mi \u0107emo ti za uzvrat platiti proviziju. Pratimo posetioce Pratimo posetioce preko kola\u010di\u0107a (cookies), tako da korisnici koji su do\u0161li preko va\u0161eg linka ne moraju odmah da izvr\u0161e kupovinu kako bi [&hellip;]<\/p>\n","protected":false},"author":1,"featured_media":10569,"parent":3559,"menu_order":0,"comment_status":"closed","ping_status":"closed","template":"","meta":{"footnotes":""},"class_list":["post-12498","page","type-page","status-publish","has-post-thumbnail","hentry"],"jetpack_sharing_enabled":true,"_links":{"self":[{"href":"https:\/\/truefalsehosting.rs\/en\/wp-json\/wp\/v2\/pages\/12498","targetHints":{"allow":["GET"]}}],"collection":[{"href":"https:\/\/truefalsehosting.rs\/en\/wp-json\/wp\/v2\/pages"}],"about":[{"href":"https:\/\/truefalsehosting.rs\/en\/wp-json\/wp\/v2\/types\/page"}],"author":[{"embeddable":true,"href":"https:\/\/truefalsehosting.rs\/en\/wp-json\/wp\/v2\/users\/1"}],"replies":[{"embeddable":true,"href":"https:\/\/truefalsehosting.rs\/en\/wp-json\/wp\/v2\/comments?post=12498"}],"version-history":[{"count":23,"href":"https:\/\/truefalsehosting.rs\/en\/wp-json\/wp\/v2\/pages\/12498\/revisions"}],"predecessor-version":[{"id":13359,"href":"https:\/\/truefalsehosting.rs\/en\/wp-json\/wp\/v2\/pages\/12498\/revisions\/13359"}],"up":[{"embeddable":true,"href":"https:\/\/truefalsehosting.rs\/en\/wp-json\/wp\/v2\/pages\/3559"}],"wp:featuredmedia":[{"embeddable":true,"href":"https:\/\/truefalsehosting.rs\/en\/wp-json\/wp\/v2\/media\/10569"}],"wp:attachment":[{"href":"https:\/\/truefalsehosting.rs\/en\/wp-json\/wp\/v2\/media?parent=12498"}],"curies":[{"name":"wp","href":"https:\/\/api.w.org\/{rel}","templated":true}]}}