{"id":14258,"date":"2025-02-22T19:47:50","date_gmt":"2025-02-22T18:47:50","guid":{"rendered":"https:\/\/truefalsehosting.rs\/?page_id=14258"},"modified":"2025-04-14T09:34:34","modified_gmt":"2025-04-14T07:34:34","slug":"website-builder","status":"publish","type":"page","link":"https:\/\/truefalsehosting.rs\/en\/sajt-kreator","title":{"rendered":"Site creator"},"content":{"rendered":"<section class=\"wp-block-group has-tfh-main-horizontal-gradient-background has-background is-layout-flow wp-block-group-is-layout-flow\">\n<div class=\"wp-block-columns are-vertically-aligned-center container is-layout-flex wp-container-core-columns-is-layout-ec2e7a44 wp-block-columns-is-layout-flex\" style=\"padding-top:0;padding-bottom:0\">\n<div class=\"wp-block-column is-vertically-aligned-center has-white-color has-text-color has-link-color wp-elements-c2d279b6f717c6dc9e91b8926abfac7b is-layout-flow wp-block-column-is-layout-flow\" style=\"padding-top:0;padding-right:0;padding-bottom:0;padding-left:0;flex-basis:60%\">\n<h1 class=\"wp-block-heading content-container has-white-color has-text-color has-link-color wp-elements-897b3e45bf65bfc22603c258a5dfc6a6\">Create a website for free with the best website builder<\/h1>\n\n\n\n<p class=\"content-container\">With a powerful <strong>SiteJet site builder<\/strong>, you can <strong>create a website for free<\/strong>, without any technical knowledge!<\/p>\n\n\n\n<p class=\"content-container\">All you need is a yes <a href=\"https:\/\/truefalsehosting.rs\/en\/domains\">you choose a domain<\/a> and <a href=\"https:\/\/truefalsehosting.rs\/en\/hosting-packages\" data-type=\"page\" data-id=\"11062\">hosting package<\/a>, and our website creator will allow you to create a perfect website in a few clicks.<\/p>\n\n\n\n<div class=\"wp-block-buttons is-layout-flex wp-block-buttons-is-layout-flex\">\n<div class=\"wp-block-button is-style-reverse-primary-button\"><a class=\"wp-block-button__link wp-element-button\" href=\"https:\/\/truefalsehosting.rs\/en\/web-hosting\">Create your site for free today!<\/a><\/div>\n<\/div>\n<\/div>\n\n\n\n<div class=\"wp-block-column is-vertically-aligned-center is-layout-flow wp-block-column-is-layout-flow\" style=\"padding-top:0;padding-right:0;padding-bottom:0;padding-left:0;flex-basis:40%\"><figure class=\"wp-block-post-featured-image\"><img loading=\"lazy\" decoding=\"async\" width=\"1400\" height=\"800\" src=\"https:\/\/truefalsehosting.rs\/wp-content\/uploads\/2025\/02\/Napravite-web-sajt-besplatno-Uz-najboljeg-sajt-kreatora.png\" class=\"attachment-post-thumbnail size-post-thumbnail wp-post-image\" alt=\"Colorful digital illustration of people working together to create a website, with a large computer screen showing a web design interface\" style=\"object-fit:cover;\" srcset=\"https:\/\/truefalsehosting.rs\/wp-content\/uploads\/2025\/02\/Napravite-web-sajt-besplatno-Uz-najboljeg-sajt-kreatora.png 1400w, https:\/\/truefalsehosting.rs\/wp-content\/uploads\/2025\/02\/Napravite-web-sajt-besplatno-Uz-najboljeg-sajt-kreatora-300x171.png 300w, https:\/\/truefalsehosting.rs\/wp-content\/uploads\/2025\/02\/Napravite-web-sajt-besplatno-Uz-najboljeg-sajt-kreatora-1024x585.png 1024w, https:\/\/truefalsehosting.rs\/wp-content\/uploads\/2025\/02\/Napravite-web-sajt-besplatno-Uz-najboljeg-sajt-kreatora-768x439.png 768w, https:\/\/truefalsehosting.rs\/wp-content\/uploads\/2025\/02\/Napravite-web-sajt-besplatno-Uz-najboljeg-sajt-kreatora-133x76.png 133w\" sizes=\"auto, (max-width: 1400px) 100vw, 1400px\" \/><\/figure><\/div>\n<\/div>\n<\/section>\n\n\n\n<section class=\"wp-block-group has-tfh-primary-lighter-4-background-color has-background has-global-padding is-layout-constrained wp-block-group-is-layout-constrained\">\n<div class=\"wp-block-columns container is-layout-flex wp-container-core-columns-is-layout-28f84493 wp-block-columns-is-layout-flex\">\n<div class=\"wp-block-column is-layout-flow wp-block-column-is-layout-flow\">\n<h2 class=\"wp-block-heading has-text-align-center content-container\">How does creating a website work?<\/h2>\n\n\n\n<p class=\"has-text-align-center\">Find out how you can easily and quickly create your website with the help of our services.<\/p>\n\n\n\n<div class=\"wp-block-columns is-layout-flex wp-container-core-columns-is-layout-28f84493 wp-block-columns-is-layout-flex\">\n<div class=\"wp-block-column is-layout-flow wp-block-column-is-layout-flow\">\n<figure class=\"wp-block-image aligncenter size-medium\"><img loading=\"lazy\" decoding=\"async\" width=\"300\" height=\"225\" src=\"https:\/\/truefalsehosting.rs\/wp-content\/uploads\/2025\/02\/search-domain-1-300x225.jpg\" alt=\"Choosing a domain for your website - domain registration\" class=\"wp-image-14285\" srcset=\"https:\/\/truefalsehosting.rs\/wp-content\/uploads\/2025\/02\/search-domain-1-300x225.jpg 300w, https:\/\/truefalsehosting.rs\/wp-content\/uploads\/2025\/02\/search-domain-1-1024x768.jpg 1024w, https:\/\/truefalsehosting.rs\/wp-content\/uploads\/2025\/02\/search-domain-1-768x576.jpg 768w, https:\/\/truefalsehosting.rs\/wp-content\/uploads\/2025\/02\/search-domain-1-1536x1152.jpg 1536w, https:\/\/truefalsehosting.rs\/wp-content\/uploads\/2025\/02\/search-domain-1-2048x1536.jpg 2048w, https:\/\/truefalsehosting.rs\/wp-content\/uploads\/2025\/02\/search-domain-1-101x76.jpg 101w\" sizes=\"auto, (max-width: 300px) 100vw, 300px\" \/><\/figure>\n\n\n\n<h3 class=\"wp-block-heading has-text-align-center\"><a href=\"https:\/\/truefalsehosting.rs\/en\/domains\" data-type=\"page\" data-id=\"2718\">1. Register the domain<\/a><\/h3>\n\n\n\n<p class=\"has-text-align-center\">Find the perfect name for your site and register it in seconds.<\/p>\n<\/div>\n\n\n\n<div class=\"wp-block-column is-layout-flow wp-block-column-is-layout-flow\">\n<figure class=\"wp-block-image aligncenter size-medium\"><img loading=\"lazy\" decoding=\"async\" width=\"300\" height=\"225\" src=\"https:\/\/truefalsehosting.rs\/wp-content\/uploads\/2025\/02\/choose-hosting-1-300x225.jpg\" alt=\"Choosing a hosting package for a website - reliable hosting\" class=\"wp-image-14288\" srcset=\"https:\/\/truefalsehosting.rs\/wp-content\/uploads\/2025\/02\/choose-hosting-1-300x225.jpg 300w, https:\/\/truefalsehosting.rs\/wp-content\/uploads\/2025\/02\/choose-hosting-1-1024x768.jpg 1024w, https:\/\/truefalsehosting.rs\/wp-content\/uploads\/2025\/02\/choose-hosting-1-768x576.jpg 768w, https:\/\/truefalsehosting.rs\/wp-content\/uploads\/2025\/02\/choose-hosting-1-1536x1152.jpg 1536w, https:\/\/truefalsehosting.rs\/wp-content\/uploads\/2025\/02\/choose-hosting-1-2048x1536.jpg 2048w, https:\/\/truefalsehosting.rs\/wp-content\/uploads\/2025\/02\/choose-hosting-1-101x76.jpg 101w\" sizes=\"auto, (max-width: 300px) 100vw, 300px\" \/><\/figure>\n\n\n\n<h3 class=\"wp-block-heading has-text-align-center\"><a href=\"https:\/\/truefalsehosting.rs\/en\/hosting-packages\" data-type=\"page\" data-id=\"11062\">2. Choose hosting<\/a><\/h3>\n\n\n\n<p class=\"has-text-align-center\">Choose the hosting package that suits your needs.<\/p>\n<\/div>\n\n\n\n<div class=\"wp-block-column is-layout-flow wp-block-column-is-layout-flow\">\n<figure class=\"wp-block-image aligncenter size-medium\"><img loading=\"lazy\" decoding=\"async\" width=\"300\" height=\"225\" src=\"https:\/\/truefalsehosting.rs\/wp-content\/uploads\/2025\/02\/create-website-300x225.jpg\" alt=\"Kreiranje web sajta uz SiteJet alat - jednostavno kreiranje sajta\" class=\"wp-image-14287\" srcset=\"https:\/\/truefalsehosting.rs\/wp-content\/uploads\/2025\/02\/create-website-300x225.jpg 300w, https:\/\/truefalsehosting.rs\/wp-content\/uploads\/2025\/02\/create-website-1024x768.jpg 1024w, https:\/\/truefalsehosting.rs\/wp-content\/uploads\/2025\/02\/create-website-768x576.jpg 768w, https:\/\/truefalsehosting.rs\/wp-content\/uploads\/2025\/02\/create-website-1536x1152.jpg 1536w, https:\/\/truefalsehosting.rs\/wp-content\/uploads\/2025\/02\/create-website-2048x1536.jpg 2048w, https:\/\/truefalsehosting.rs\/wp-content\/uploads\/2025\/02\/create-website-101x76.jpg 101w\" sizes=\"auto, (max-width: 300px) 100vw, 300px\" \/><\/figure>\n\n\n\n<h3 class=\"wp-block-heading has-text-align-center\">3. Create a site<\/h3>\n\n\n\n<p class=\"has-text-align-center\">Use the SiteJet tool to easily create a site.<\/p>\n<\/div>\n<\/div>\n\n\n\n<p class=\"has-text-align-center\"><strong>Start your journey to a successful website today! <a href=\"https:\/\/truefalsehosting.rs\/en\/contact\">Contact us<\/a> for more information.<\/strong><\/p>\n<\/div>\n<\/div>\n<\/section>\n\n\n\n<section class=\"wp-block-group has-tfh-secondary-lighter-4-background-color has-background has-global-padding is-layout-constrained wp-block-group-is-layout-constrained\">\n<div class=\"wp-block-columns container is-layout-flex wp-container-core-columns-is-layout-28f84493 wp-block-columns-is-layout-flex\">\n<div class=\"wp-block-column is-layout-flow wp-block-column-is-layout-flow\">\n<h2 class=\"wp-block-heading has-text-align-center content-container\">Why choose SiteJet to build your website?<\/h2>\n\n\n\n<p class=\"has-text-align-center\">SiteJet offers everything you need to create a modern, responsive and high-performance website.<\/p>\n\n\n\n<div class=\"wp-block-columns is-layout-flex wp-container-core-columns-is-layout-28f84493 wp-block-columns-is-layout-flex\">\n<div class=\"wp-block-column is-layout-flow wp-block-column-is-layout-flow\">\n<figure class=\"wp-block-image aligncenter size-thumbnail\"><img loading=\"lazy\" decoding=\"async\" width=\"150\" height=\"150\" src=\"https:\/\/truefalsehosting.rs\/wp-content\/uploads\/2025\/02\/seo-150x150.png\" alt=\"SEO optimization for better visibility on Google\" class=\"wp-image-14291\" srcset=\"https:\/\/truefalsehosting.rs\/wp-content\/uploads\/2025\/02\/seo-150x150.png 150w, https:\/\/truefalsehosting.rs\/wp-content\/uploads\/2025\/02\/seo-300x300.png 300w, https:\/\/truefalsehosting.rs\/wp-content\/uploads\/2025\/02\/seo-76x76.png 76w, https:\/\/truefalsehosting.rs\/wp-content\/uploads\/2025\/02\/seo.png 512w\" sizes=\"auto, (max-width: 150px) 100vw, 150px\" \/><\/figure>\n\n\n\n<h3 class=\"wp-block-heading has-text-align-center\">SEO Optimization<\/h3>\n\n\n\n<p class=\"has-text-align-center\">Built-in search engine optimization tools to make your site easily found on Google.<\/p>\n<\/div>\n\n\n\n<div class=\"wp-block-column is-layout-flow wp-block-column-is-layout-flow\">\n<figure class=\"wp-block-image aligncenter size-thumbnail\"><img loading=\"lazy\" decoding=\"async\" width=\"150\" height=\"150\" src=\"https:\/\/truefalsehosting.rs\/wp-content\/uploads\/2025\/02\/performance-150x150.png\" alt=\"Mobile optimization for a perfect display on all devices\" class=\"wp-image-14292\" srcset=\"https:\/\/truefalsehosting.rs\/wp-content\/uploads\/2025\/02\/performance-150x150.png 150w, https:\/\/truefalsehosting.rs\/wp-content\/uploads\/2025\/02\/performance-300x300.png 300w, https:\/\/truefalsehosting.rs\/wp-content\/uploads\/2025\/02\/performance-76x76.png 76w, https:\/\/truefalsehosting.rs\/wp-content\/uploads\/2025\/02\/performance.png 512w\" sizes=\"auto, (max-width: 150px) 100vw, 150px\" \/><\/figure>\n\n\n\n<h3 class=\"wp-block-heading has-text-align-center\">Mobile Optimization<\/h3>\n\n\n\n<p class=\"has-text-align-center\">Automatically adjust for all devices, from mobile phones to tablets.<\/p>\n<\/div>\n\n\n\n<div class=\"wp-block-column is-layout-flow wp-block-column-is-layout-flow\">\n<figure class=\"wp-block-image aligncenter size-thumbnail\"><img loading=\"lazy\" decoding=\"async\" width=\"150\" height=\"150\" src=\"https:\/\/truefalsehosting.rs\/wp-content\/uploads\/2025\/02\/online-shop-150x150.png\" alt=\"Online store for simple product sales\" class=\"wp-image-14293\" srcset=\"https:\/\/truefalsehosting.rs\/wp-content\/uploads\/2025\/02\/online-shop-150x150.png 150w, https:\/\/truefalsehosting.rs\/wp-content\/uploads\/2025\/02\/online-shop-300x300.png 300w, https:\/\/truefalsehosting.rs\/wp-content\/uploads\/2025\/02\/online-shop-76x76.png 76w, https:\/\/truefalsehosting.rs\/wp-content\/uploads\/2025\/02\/online-shop.png 512w\" sizes=\"auto, (max-width: 150px) 100vw, 150px\" \/><\/figure>\n\n\n\n<h3 class=\"wp-block-heading has-text-align-center\">Online Store<\/h3>\n\n\n\n<p class=\"has-text-align-center\">Add products and start selling online within minutes.<\/p>\n<\/div>\n<\/div>\n\n\n\n<figure class=\"wp-block-embed is-type-video is-provider-youtube wp-block-embed-youtube wp-embed-aspect-16-9 wp-has-aspect-ratio\"><div class=\"wp-block-embed__wrapper\">\n<iframe loading=\"lazy\" title=\"Sitejet Builder Tutorial: Guide to Building and Customizing Your Website\" width=\"500\" height=\"281\" src=\"https:\/\/www.youtube.com\/embed\/jcoJP1uDDKc?feature=oembed\" frameborder=\"0\" allow=\"accelerometer; autoplay; clipboard-write; encrypted-media; gyroscope; picture-in-picture; web-share\" referrerpolicy=\"strict-origin-when-cross-origin\" allowfullscreen><\/iframe>\n<\/div><\/figure>\n<\/div>\n<\/div>\n<\/section>\n\n\n\n<section class=\"wp-block-group has-tfh-secondary-vertical-gradient-background has-background is-layout-flow wp-block-group-is-layout-flow\">\n<div class=\"wp-block-columns container is-layout-flex wp-container-core-columns-is-layout-28f84493 wp-block-columns-is-layout-flex\">\n<div class=\"wp-block-column is-layout-flow wp-block-column-is-layout-flow\">\n<h2 class=\"wp-block-heading has-text-align-center content-container has-white-color has-text-color has-link-color wp-elements-2d14bce64f761d078b5700a5df7c9531\">Frequently asked questions about creating websites<\/h2>\n\n\n\n<p class=\"has-text-align-center has-white-color has-text-color has-link-color wp-elements-f00fe04f98b7b040924cc2685bfa9578\">Find answers to the most common questions about creating, optimizing and maintaining websites.<\/p>\n\n\n<div id=\"rank-math-faq\" class=\"rank-math-block\">\n<div class=\"rank-math-list faq-list\">\n<div id=\"faq-question-1\" class=\"rank-math-list-item\">\n<h3 class=\"rank-math-question faq-title\">How fast can I build my site?<\/h3>\n<div class=\"rank-math-answer faq-content\">\n\n<p>With our tools, you can create and publish your site within an hour, depending on how much content you want to add.<\/p>\n\n<\/div>\n<\/div>\n<div id=\"faq-question-2\" class=\"rank-math-list-item\">\n<h3 class=\"rank-math-question faq-title\">Can my site be optimized for Google?<\/h3>\n<div class=\"rank-math-answer faq-content\">\n\n<p>Yes!<\/p>\n\n<\/div>\n<\/div>\n<div id=\"faq-question-3\" class=\"rank-math-list-item\">\n<h3 class=\"rank-math-question faq-title\">Is technical knowledge required to create a site?<\/h3>\n<div class=\"rank-math-answer faq-content\">\n\n<p>No, our system is designed so that even beginners can easily create professional websites.<\/p>\n\n<\/div>\n<\/div>\n<div id=\"faq-question-4\" class=\"rank-math-list-item\">\n<h3 class=\"rank-math-question faq-title\">Can I change the site design later?<\/h3>\n<div class=\"rank-math-answer faq-content\">\n\n<p>Yes, you can easily change the design of your site at any time without losing any data.<\/p>\n\n<\/div>\n<\/div>\n<\/div>\n<\/div>\n\n\n<p class=\"has-text-align-center has-white-color has-text-color has-link-color wp-elements-4e50b30c79ce4328e54f3cb455d69851\"><strong>Have additional questions? <a href=\"https:\/\/truefalsehosting.rs\/en\/contact\">Contact us today<\/a> and start your journey to a successful website!<\/strong><\/p>\n<\/div>\n<\/div>\n<\/section>\n\n\n\n<section class=\"wp-block-group has-tfh-primary-lighter-4-background-color has-background has-global-padding is-layout-constrained wp-block-group-is-layout-constrained\">\n<div class=\"wp-block-columns container is-layout-flex wp-container-core-columns-is-layout-28f84493 wp-block-columns-is-layout-flex\">\n<div class=\"wp-block-column is-layout-flow wp-block-column-is-layout-flow\">\n<h2 class=\"wp-block-heading has-text-align-center content-container\">Create your site now!<\/h2>\n\n\n\n<p class=\"content-container\">Don't wait!<\/p>\n\n\n\n<div class=\"wp-block-buttons is-content-justification-center is-layout-flex wp-container-core-buttons-is-layout-a89b3969 wp-block-buttons-is-layout-flex\">\n<div class=\"wp-block-button is-style-reverse-primary-button\"><a class=\"wp-block-button__link wp-element-button\" href=\"https:\/\/truefalsehosting.rs\/en\/web-hosting\">Start your site for free today!<\/a><\/div>\n<\/div>\n<\/div>\n<\/div>\n<\/section>","protected":false},"excerpt":{"rendered":"<p>Napravi web sajt besplatno uz najbolji sajt kreator Uz mo\u0107an SiteJet sajt kreator, mo\u017ee\u0161 kreirati web sajt besplatno, bez ikakvog tehni\u010dkog znanja! Bilo da pokre\u0107e\u0161 biznis, blog ili online prodavnicu, na\u0161 alat ti omogu\u0107ava jednostavnu i brzu izradu sajta sa profesionalnim dizajnom. Sve \u0161to ti je potrebno jeste da izabere\u0161 domen i hosting paket, a [&hellip;]<\/p>\n","protected":false},"author":1,"featured_media":14331,"parent":0,"menu_order":0,"comment_status":"closed","ping_status":"closed","template":"","meta":{"footnotes":""},"class_list":["post-14258","page","type-page","status-publish","has-post-thumbnail","hentry"],"jetpack_sharing_enabled":true,"_links":{"self":[{"href":"https:\/\/truefalsehosting.rs\/en\/wp-json\/wp\/v2\/pages\/14258","targetHints":{"allow":["GET"]}}],"collection":[{"href":"https:\/\/truefalsehosting.rs\/en\/wp-json\/wp\/v2\/pages"}],"about":[{"href":"https:\/\/truefalsehosting.rs\/en\/wp-json\/wp\/v2\/types\/page"}],"author":[{"embeddable":true,"href":"https:\/\/truefalsehosting.rs\/en\/wp-json\/wp\/v2\/users\/1"}],"replies":[{"embeddable":true,"href":"https:\/\/truefalsehosting.rs\/en\/wp-json\/wp\/v2\/comments?post=14258"}],"version-history":[{"count":36,"href":"https:\/\/truefalsehosting.rs\/en\/wp-json\/wp\/v2\/pages\/14258\/revisions"}],"predecessor-version":[{"id":14311,"href":"https:\/\/truefalsehosting.rs\/en\/wp-json\/wp\/v2\/pages\/14258\/revisions\/14311"}],"wp:featuredmedia":[{"embeddable":true,"href":"https:\/\/truefalsehosting.rs\/en\/wp-json\/wp\/v2\/media\/14331"}],"wp:attachment":[{"href":"https:\/\/truefalsehosting.rs\/en\/wp-json\/wp\/v2\/media?parent=14258"}],"curies":[{"name":"wp","href":"https:\/\/api.w.org\/{rel}","templated":true}]}}