{"id":15402,"date":"2025-05-21T15:29:35","date_gmt":"2025-05-21T13:29:35","guid":{"rendered":"https:\/\/truefalsehosting.rs\/?page_id=15402"},"modified":"2025-05-21T15:57:01","modified_gmt":"2025-05-21T13:57:01","slug":"domain-buyback-inquiry","status":"publish","type":"page","link":"https:\/\/truefalsehosting.rs\/en\/domeni\/upit-za-otkup-domena","title":{"rendered":"Request for purchasing a domain"},"content":{"rendered":"<section class=\"wp-block-group is-hero has-tfh-main-horizontal-gradient-background has-background is-layout-flow wp-block-group-is-layout-flow\">\n<div class=\"wp-block-columns container is-layout-flex wp-container-core-columns-is-layout-b99702a1 wp-block-columns-is-layout-flex\" style=\"padding-top:0px;padding-bottom:0px\">\n<div class=\"wp-block-column is-layout-flow wp-block-column-is-layout-flow\" style=\"padding-top:0px;padding-right:0px;padding-bottom:0px;padding-left:0px\">\n<div class=\"wp-block-group has-white-color has-text-color has-link-color wp-elements-885c279932fac92e9c70554812caaa3a is-content-justification-space-between is-nowrap is-layout-flex wp-container-core-group-is-layout-46bff1bf wp-block-group-is-layout-flex\" style=\"padding-top:0;padding-right:0px;padding-bottom:0;padding-left:0px;font-style:normal;font-weight:900\"><div style=\"--bb--crumb-gap:.4em; padding-top:0;padding-bottom:0;\" class=\"wp-block-boldblocks-breadcrumb-block\"><nav role=\"navigation\" aria-label=\"Breadcrumbs\" class=\"breadcrumb\"><ol class=\"breadcrumb-items\"><li class=\"breadcrumb-item breadcrumb-item--current breadcrumb-item--home\"><span class=\"breadcrumb-item-name\">Homepage<\/span><\/li><\/ol><\/nav><\/div><\/div>\n\n\n\n<div class=\"wp-block-columns are-vertically-aligned-center is-layout-flex wp-container-core-columns-is-layout-74e2db4f wp-block-columns-is-layout-flex\" style=\"padding-top:0px;padding-right:0px;padding-bottom:0px;padding-left:0px\">\n<div class=\"wp-block-column is-vertically-aligned-center has-white-color has-text-color has-link-color wp-elements-e6176dc1ae1c963d7058c5faefd3d2b8 is-layout-flow wp-block-column-is-layout-flow\" style=\"padding-top:0;padding-right:0;padding-bottom:0;padding-left:0;flex-basis:60%\">\n<h1 class=\"wp-block-heading content-container\" id=\"nacionalni-domeni-rs-i-\u0441\u0440\u0431\">Request for purchasing a domain<\/h1>\n\n\n\n<p class=\"content-container\">Send us an inquiry and we will contact the current domain owner on your behalf.<\/p>\n<\/div>\n\n\n\n<div class=\"wp-block-column is-vertically-aligned-center is-layout-flow wp-block-column-is-layout-flow\" style=\"padding-top:0;padding-right:0;padding-bottom:0;padding-left:0;flex-basis:40%\">\n<figure class=\"wp-block-image size-full is-resized\"><img loading=\"lazy\" decoding=\"async\" width=\"8000\" height=\"5333\" src=\"https:\/\/truefalsehosting.rs\/wp-content\/uploads\/2025\/05\/upit-za-otkup-domena.jpg\" alt=\"Slika laptopa za @ simbolom na njemu\" class=\"wp-image-15408\" style=\"aspect-ratio:4\/3;object-fit:contain;width:auto;height:350px\" srcset=\"https:\/\/truefalsehosting.rs\/wp-content\/uploads\/2025\/05\/upit-za-otkup-domena.jpg 8000w, https:\/\/truefalsehosting.rs\/wp-content\/uploads\/2025\/05\/upit-za-otkup-domena-300x200.jpg 300w, https:\/\/truefalsehosting.rs\/wp-content\/uploads\/2025\/05\/upit-za-otkup-domena-1024x683.jpg 1024w, https:\/\/truefalsehosting.rs\/wp-content\/uploads\/2025\/05\/upit-za-otkup-domena-768x512.jpg 768w, https:\/\/truefalsehosting.rs\/wp-content\/uploads\/2025\/05\/upit-za-otkup-domena-1536x1024.jpg 1536w, https:\/\/truefalsehosting.rs\/wp-content\/uploads\/2025\/05\/upit-za-otkup-domena-114x76.jpg 114w\" sizes=\"auto, (max-width: 8000px) 100vw, 8000px\" \/><\/figure>\n<\/div>\n<\/div>\n<\/div>\n<\/div>\n<\/section>\n\n\n\n<div class=\"wp-block-group has-global-padding is-layout-constrained wp-block-group-is-layout-constrained\">\n<div class=\"wp-block-columns container is-layout-flex wp-container-core-columns-is-layout-28f84493 wp-block-columns-is-layout-flex\">\n<div class=\"wp-block-column is-layout-flow wp-block-column-is-layout-flow\" style=\"flex-basis:20%\"><\/div>\n\n\n\n<div class=\"wp-block-column is-layout-flow wp-block-column-is-layout-flow\" style=\"box-shadow:var(--wp--preset--shadow--deep);flex-basis:60%\">\n<h2 class=\"wp-block-heading has-text-align-center\">Form for purchasing an already registered domain<\/h2>\n\n\n\n<p class=\"has-text-align-center\">Fill out the form below to send an inquiry to purchase the desired domain from the current registrant.<\/p>\n\n\n<div class=\"wp-block-jetpack-contact-form is-style-default is-layout-flex wp-container-jetpack-contact-form-is-layout-114d40e6 wp-block-jetpack-contact-form-is-layout-flex\"><a href=\"https:\/\/truefalsehosting.rs\/en\/domeni\/upit-za-otkup-domena\" target=\"_blank\" rel=\"noopener noreferrer\">Submit a form.<\/a><\/div><\/div>\n\n\n\n<div class=\"wp-block-column is-layout-flow wp-block-column-is-layout-flow\" style=\"flex-basis:20%\"><\/div>\n<\/div>\n<\/div>","protected":false},"excerpt":{"rendered":"<p>Upit za otkup domena Po\u0161aljite nam upit i mi \u0107emo u va\u0161e ime kontaktirati trenutnog vlasnika domena. Bez komplikacija, brzo i poverljivo \u2013 vi samo izrazite interesovanje, mi radimo ostalo. Formular za otkup ve\u0107 registrovanog domena Popunite formular u nastavku kako biste poslali upit za otkup \u017eeljenog domena od trenutnog registranta. Na\u0161 tim \u0107e stupiti [&hellip;]<\/p>\n","protected":false},"author":1,"featured_media":15408,"parent":2718,"menu_order":1,"comment_status":"closed","ping_status":"closed","template":"","meta":{"footnotes":""},"class_list":["post-15402","page","type-page","status-publish","has-post-thumbnail","hentry"],"jetpack_sharing_enabled":true,"_links":{"self":[{"href":"https:\/\/truefalsehosting.rs\/en\/wp-json\/wp\/v2\/pages\/15402","targetHints":{"allow":["GET"]}}],"collection":[{"href":"https:\/\/truefalsehosting.rs\/en\/wp-json\/wp\/v2\/pages"}],"about":[{"href":"https:\/\/truefalsehosting.rs\/en\/wp-json\/wp\/v2\/types\/page"}],"author":[{"embeddable":true,"href":"https:\/\/truefalsehosting.rs\/en\/wp-json\/wp\/v2\/users\/1"}],"replies":[{"embeddable":true,"href":"https:\/\/truefalsehosting.rs\/en\/wp-json\/wp\/v2\/comments?post=15402"}],"version-history":[{"count":18,"href":"https:\/\/truefalsehosting.rs\/en\/wp-json\/wp\/v2\/pages\/15402\/revisions"}],"predecessor-version":[{"id":15429,"href":"https:\/\/truefalsehosting.rs\/en\/wp-json\/wp\/v2\/pages\/15402\/revisions\/15429"}],"up":[{"embeddable":true,"href":"https:\/\/truefalsehosting.rs\/en\/wp-json\/wp\/v2\/pages\/2718"}],"wp:featuredmedia":[{"embeddable":true,"href":"https:\/\/truefalsehosting.rs\/en\/wp-json\/wp\/v2\/media\/15408"}],"wp:attachment":[{"href":"https:\/\/truefalsehosting.rs\/en\/wp-json\/wp\/v2\/media?parent=15402"}],"curies":[{"name":"wp","href":"https:\/\/api.w.org\/{rel}","templated":true}]}}