{"id":3559,"date":"2023-02-10T07:51:39","date_gmt":"2023-02-10T07:51:39","guid":{"rendered":"http:\/\/server.devbunch.com\/khalid.awan\/tamplatekit\/Hostiko%2079\/?page_id=3559"},"modified":"2025-04-09T22:51:46","modified_gmt":"2025-04-09T20:51:46","slug":"contact","status":"publish","type":"page","link":"https:\/\/truefalsehosting.rs\/en\/kontakt","title":{"rendered":"Contact"},"content":{"rendered":"<section class=\"wp-block-group is-hero has-tfh-main-vertical-gradient-background has-background is-layout-flow wp-block-group-is-layout-flow\">\n<div class=\"wp-block-columns container is-layout-flex wp-container-core-columns-is-layout-b99702a1 wp-block-columns-is-layout-flex\" style=\"padding-top:0px;padding-bottom:0px\">\n<div class=\"wp-block-column is-layout-flow wp-block-column-is-layout-flow\" style=\"padding-top:0px;padding-right:0px;padding-bottom:0px;padding-left:0px\">\n<div class=\"wp-block-group has-white-color has-text-color has-link-color wp-elements-885c279932fac92e9c70554812caaa3a is-content-justification-space-between is-nowrap is-layout-flex wp-container-core-group-is-layout-46bff1bf wp-block-group-is-layout-flex\" style=\"padding-top:0;padding-right:0px;padding-bottom:0;padding-left:0px;font-style:normal;font-weight:900\"><div style=\"--bb--crumb-gap:.4em; padding-top:0;padding-bottom:0;\" class=\"wp-block-boldblocks-breadcrumb-block\"><nav role=\"navigation\" aria-label=\"Breadcrumbs\" class=\"breadcrumb\"><ol class=\"breadcrumb-items\"><li class=\"breadcrumb-item breadcrumb-item--current breadcrumb-item--home\"><span class=\"breadcrumb-item-name\">Homepage<\/span><\/li><\/ol><\/nav><\/div><\/div>\n\n\n\n<div class=\"wp-block-columns is-layout-flex wp-container-core-columns-is-layout-74e2db4f wp-block-columns-is-layout-flex\" style=\"padding-top:0px;padding-right:0px;padding-bottom:0px;padding-left:0px\">\n<div class=\"wp-block-column is-vertically-aligned-center has-white-color has-text-color has-link-color wp-elements-666a95efaa5eb25eef9c596dd4baf0c5 is-layout-flow wp-block-column-is-layout-flow\" style=\"padding-top:0;padding-right:0;padding-bottom:0;padding-left:0;flex-basis:60%\">\n<h1 class=\"wp-block-heading content-container has-white-color has-text-color has-link-color wp-elements-dda5360abc12c0113b720de6cad07118\">Do you need help?<br>Feel free to contact our team.<\/h1>\n\n\n\n<p class=\"content-container\">Welcome to our support page!<\/p>\n\n\n<form role=\"search\" method=\"get\" action=\"https:\/\/truefalsehosting.rs\/en\" class=\"wp-block-search__button-inside wp-block-search__text-button aligncenter content-container wp-block-search\" data-trp-original-action=\"https:\/\/truefalsehosting.rs\/en\"    ><label class=\"wp-block-search__label screen-reader-text\" for=\"wp-block-search__input-1\" >Search<\/label><div class=\"wp-block-search__inside-wrapper\" ><input class=\"wp-block-search__input\" id=\"wp-block-search__input-1\" placeholder=\"How can we help you today?\" value=\"\" type=\"search\" name=\"s\" required \/><button aria-label=\"Search\" class=\"wp-block-search__button wp-element-button\" type=\"submit\" >Search<\/button><\/div><input type=\"hidden\" name=\"trp-form-language\" value=\"en\"\/><\/form><\/div>\n\n\n\n<div class=\"wp-block-column is-layout-flow wp-block-column-is-layout-flow\" style=\"padding-top:0;padding-right:0;padding-bottom:0;padding-left:0;flex-basis:40%\"><figure class=\"wp-block-post-featured-image\"><img loading=\"lazy\" decoding=\"async\" width=\"539\" height=\"374\" src=\"https:\/\/truefalsehosting.rs\/wp-content\/uploads\/2023\/02\/hostikoservices2.png\" class=\"attachment-post-thumbnail size-post-thumbnail wp-post-image\" alt=\"hostikoservices2\" style=\"object-fit:cover;\" srcset=\"https:\/\/truefalsehosting.rs\/wp-content\/uploads\/2023\/02\/hostikoservices2.png 539w, https:\/\/truefalsehosting.rs\/wp-content\/uploads\/2023\/02\/hostikoservices2-300x208.png 300w\" sizes=\"auto, (max-width: 539px) 100vw, 539px\" \/><\/figure><\/div>\n<\/div>\n<\/div>\n<\/div>\n<\/section>\n\n\n\n<section class=\"wp-block-group has-tfh-primary-lighter-4-background-color has-background has-global-padding is-layout-constrained wp-block-group-is-layout-constrained\">\n<div class=\"wp-block-columns container is-layout-flex wp-container-core-columns-is-layout-28f84493 wp-block-columns-is-layout-flex\">\n<div class=\"wp-block-column is-vertically-aligned-stretch has-white-background-color has-background is-layout-flow wp-block-column-is-layout-flow\" style=\"box-shadow:var(--wp--preset--shadow--natural)\">\n<div class=\"wp-block-boldblocks-svg-block svg-b-2 sm-svg-justify-alignment\" style=\"--bb--justify-alignment--sm:var(--bb--justify-alignment--lg);--bb--justify-alignment--md:var(--bb--justify-alignment--lg);--bb--justify-alignment--lg:center\"><div class=\"wp-block-boldblocks-svg-block__inner sm-svg-width sm-svg-height svg-fill-color\" style=\"--bb--width--sm:var(--bb--width--lg);--bb--width--md:var(--bb--width--lg);--bb--width--lg:auto;--bb--height--sm:var(--bb--height--lg);--bb--height--md:var(--bb--height--lg);--bb--height--lg:60px;--bb--fill--color:var(--wp--preset--color--tfh-blue, #009aff)\"><svg xmlns=\"http:\/\/www.w3.org\/2000\/svg\" fill=\"currentColor\" class=\"bi bi-envelope-at\" viewbox=\"0 0 16 16\">\n  <path d=\"M2 2a2 2 0 0 0-2 2v8.01A2 2 0 0 0 2 14h5.5a.5.5 0 0 0 0-1H2a1 1 0 0 1-.966-.741l5.64-3.471L8 9.583l7-4.2V8.5a.5.5 0 0 0 1 0V4a2 2 0 0 0-2-2zm3.708 6.208L1 11.105V5.383zM1 4.217V4a1 1 0 0 1 1-1h12a1 1 0 0 1 1 1v.217l-7 4.2z\"><\/path>\n  <path d=\"M14.247 14.269c1.01 0 1.587-.857 1.587-2.025v-.21C15.834 10.43 14.64 9 12.52 9h-.035C10.42 9 9 10.36 9 12.432v.214C9 14.82 10.438 16 12.358 16h.044c.594 0 1.018-.074 1.237-.175v-.73c-.245.11-.673.18-1.18.18h-.044c-1.334 0-2.571-.788-2.571-2.655v-.157c0-1.657 1.058-2.724 2.64-2.724h.04c1.535 0 2.484 1.05 2.484 2.326v.118c0 .975-.324 1.39-.639 1.39-.232 0-.41-.148-.41-.42v-2.19h-.906v.569h-.03c-.084-.298-.368-.63-.954-.63-.778 0-1.259.555-1.259 1.4v.528c0 .892.49 1.434 1.26 1.434.471 0 .896-.227 1.014-.643h.043c.118.42.617.648 1.12.648m-2.453-1.588v-.227c0-.546.227-.791.573-.791.297 0 .572.192.572.708v.367c0 .573-.253.744-.564.744-.354 0-.581-.215-.581-.8Z\"><\/path>\n<\/svg><\/div><\/div>\n\n\n\n<h2 class=\"wp-block-heading has-text-align-center\">Ask us<\/h2>\n\n\n\n<p class=\"has-text-align-center\">Whether it's general information about our services, professional help, technical questions and the like, write us a message, we'll respond as soon as possible.<\/p>\n\n\n\n<p class=\"has-text-align-center\"><a href=\"https:\/\/cp.truefalsehosting.rs\/submitticket.php\"><strong>Write to us<\/strong><\/a><\/p>\n<\/div>\n\n\n\n<div class=\"wp-block-column is-vertically-aligned-stretch has-white-background-color has-background is-layout-flow wp-block-column-is-layout-flow\" style=\"box-shadow:var(--wp--preset--shadow--natural)\">\n<div class=\"wp-block-boldblocks-svg-block svg-b-3 sm-svg-justify-alignment\" style=\"--bb--justify-alignment--sm:var(--bb--justify-alignment--lg);--bb--justify-alignment--md:var(--bb--justify-alignment--lg);--bb--justify-alignment--lg:center\"><div class=\"wp-block-boldblocks-svg-block__inner sm-svg-width sm-svg-height svg-fill-color\" style=\"--bb--width--sm:var(--bb--width--lg);--bb--width--md:var(--bb--width--lg);--bb--width--lg:auto;--bb--height--sm:var(--bb--height--lg);--bb--height--md:var(--bb--height--lg);--bb--height--lg:60px;--bb--fill--color:var(--wp--preset--color--tfh-dark-gray, #3f4756)\"><svg xmlns=\"http:\/\/www.w3.org\/2000\/svg\" fill=\"currentColor\" class=\"bi bi-file-earmark-code-fill\" viewbox=\"0 0 16 16\">\n  <path d=\"M9.293 0H4a2 2 0 0 0-2 2v12a2 2 0 0 0 2 2h8a2 2 0 0 0 2-2V4.707A1 1 0 0 0 13.707 4L10 .293A1 1 0 0 0 9.293 0M9.5 3.5v-2l3 3h-2a1 1 0 0 1-1-1M6.646 7.646a.5.5 0 1 1 .708.708L5.707 10l1.647 1.646a.5.5 0 0 1-.708.708l-2-2a.5.5 0 0 1 0-.708zm2.708 0 2 2a.5.5 0 0 1 0 .708l-2 2a.5.5 0 0 1-.708-.708L10.293 10 8.646 8.354a.5.5 0 1 1 .708-.708\"><\/path>\n<\/svg><\/div><\/div>\n\n\n\n<h2 class=\"wp-block-heading has-text-align-center\">Knowledge Base<\/h2>\n\n\n\n<p class=\"has-text-align-center\">We may already have an answer to your question.<\/p>\n\n\n\n<p class=\"has-text-align-center\"><a href=\"https:\/\/cp.truefalsehosting.rs\/knowledgebase\"><strong>Look for the answer<\/strong><\/a><\/p>\n<\/div>\n<\/div>\n\n\n\n<div class=\"wp-block-columns container is-layout-flex wp-container-core-columns-is-layout-2d7698b3 wp-block-columns-is-layout-flex\" style=\"padding-right:0;padding-left:0\">\n<div class=\"wp-block-column is-vertically-aligned-top is-layout-flow wp-block-column-is-layout-flow\" style=\"flex-basis:20%\"><\/div>\n\n\n\n<div class=\"wp-block-column is-vertically-aligned-top has-white-background-color has-background is-layout-flow wp-block-column-is-layout-flow\" style=\"padding-top:var(--wp--preset--spacing--60);padding-right:var(--wp--preset--spacing--40);padding-bottom:var(--wp--preset--spacing--40);padding-left:var(--wp--preset--spacing--40);box-shadow:var(--wp--preset--shadow--deep);flex-basis:60%\">\n<h2 class=\"wp-block-heading has-text-align-center\">Contact us<\/h2>\n\n\n<div class=\"wp-block-jetpack-contact-form is-style-default is-layout-flex wp-container-jetpack-contact-form-is-layout-114d40e6 wp-block-jetpack-contact-form-is-layout-flex\"><a href=\"https:\/\/truefalsehosting.rs\/en\/kontakt\" target=\"_blank\" rel=\"noopener noreferrer\">Submit a form.<\/a><\/div><\/div>\n\n\n\n<div class=\"wp-block-column is-vertically-aligned-top is-layout-flow wp-block-column-is-layout-flow\" style=\"flex-basis:20%\"><\/div>\n<\/div>\n\n\n\n<div class=\"wp-block-columns container is-layout-flex wp-container-core-columns-is-layout-28f84493 wp-block-columns-is-layout-flex\">\n<div class=\"wp-block-column is-layout-flow wp-block-column-is-layout-flow\">\n<h2 class=\"wp-block-heading has-text-align-center content-container\">Or you can contact us<\/h2>\n\n\n\n<p class=\"has-text-align-center content-container\">Customer support hours<\/p>\n\n\n\n<p class=\"has-text-align-center content-container\">Tel: 9:00 &#8211; 16:00h (Ponedeljak &#8211; Petak)<\/p>\n\n\n\n<p class=\"has-text-align-center content-container\">You can send us an email at any time of the day or night, we try to answer as soon as possible, most often it is instant.<\/p>\n\n\n\n<div class=\"wp-block-group is-content-justification-center is-nowrap is-layout-flex wp-container-core-group-is-layout-3a781681 wp-block-group-is-layout-flex\" style=\"margin-top:var(--wp--preset--spacing--30);margin-bottom:var(--wp--preset--spacing--30);padding-top:0;padding-bottom:0\">\n<div class=\"wp-block-buttons is-content-justification-center is-layout-flex wp-container-core-buttons-is-layout-a89b3969 wp-block-buttons-is-layout-flex\">\n<div class=\"wp-block-button is-style-primary-button\"><a class=\"wp-block-button__link has-text-align-center wp-element-button\" href=\"mailto:info@truefalsehosting.rs\">@ Email support<\/a><\/div>\n\n\n\n<div class=\"wp-block-button is-style-reverse-primary-button\"><a class=\"wp-block-button__link has-text-align-center wp-element-button\" href=\"tel:+38169777250\">Telephone support<\/a><\/div>\n<\/div>\n<\/div>\n<\/div>\n<\/div>\n<\/section>","protected":false},"excerpt":{"rendered":"<p>Potrebna ti je pomo\u0107?Slobodno kontaktiraj na\u0161 tim. Dobro do\u0161li na na\u0161u stranicu za podr\u0161ku! Razumemo koliko je va\u017eno brzo i efikasno re\u0161avanje pitanja i problema. Bilo da tra\u017ei\u0161 odgovore, \u017eeli\u0161 da sazna\u0161 vi\u0161e o na\u0161im uslugama, ili ti je potrebna tehni\u010dka podr\u0161ka, na pravom si mestu. Koristi polje ispod za brzu pretragu na\u0161e baze znanja [&hellip;]<\/p>\n","protected":false},"author":1,"featured_media":667,"parent":0,"menu_order":0,"comment_status":"closed","ping_status":"closed","template":"","meta":{"_eb_attr":"","footnotes":""},"class_list":["post-3559","page","type-page","status-publish","has-post-thumbnail","hentry"],"jetpack_sharing_enabled":true,"_links":{"self":[{"href":"https:\/\/truefalsehosting.rs\/en\/wp-json\/wp\/v2\/pages\/3559","targetHints":{"allow":["GET"]}}],"collection":[{"href":"https:\/\/truefalsehosting.rs\/en\/wp-json\/wp\/v2\/pages"}],"about":[{"href":"https:\/\/truefalsehosting.rs\/en\/wp-json\/wp\/v2\/types\/page"}],"author":[{"embeddable":true,"href":"https:\/\/truefalsehosting.rs\/en\/wp-json\/wp\/v2\/users\/1"}],"replies":[{"embeddable":true,"href":"https:\/\/truefalsehosting.rs\/en\/wp-json\/wp\/v2\/comments?post=3559"}],"version-history":[{"count":113,"href":"https:\/\/truefalsehosting.rs\/en\/wp-json\/wp\/v2\/pages\/3559\/revisions"}],"predecessor-version":[{"id":15409,"href":"https:\/\/truefalsehosting.rs\/en\/wp-json\/wp\/v2\/pages\/3559\/revisions\/15409"}],"wp:featuredmedia":[{"embeddable":true,"href":"https:\/\/truefalsehosting.rs\/en\/wp-json\/wp\/v2\/media\/667"}],"wp:attachment":[{"href":"https:\/\/truefalsehosting.rs\/en\/wp-json\/wp\/v2\/media?parent=3559"}],"curies":[{"name":"wp","href":"https:\/\/api.w.org\/{rel}","templated":true}]}}